{"id":5875,"date":"2026-02-16T02:12:28","date_gmt":"2026-02-16T02:12:28","guid":{"rendered":"https:\/\/tecnocerto.com.br\/?page_id=5875"},"modified":"2026-02-16T02:12:31","modified_gmt":"2026-02-16T02:12:31","slug":"sobre-o-tecnocerto","status":"publish","type":"page","link":"https:\/\/tecnocerto.com.br\/?page_id=5875","title":{"rendered":"Sobre o TecnoCerto"},"content":{"rendered":"\n<p><\/p>\n\n\n\n<p>No <strong>TecnoCerto<\/strong>, nossa miss\u00e3o \u00e9 simplificar a complexidade do mercado tecnol\u00f3gico para que voc\u00ea tome a decis\u00e3o de compra mais inteligente. Sabemos que, com a infinidade de perif\u00e9ricos e dispositivos lan\u00e7ados diariamente, o medo de &#8220;escolher errado&#8221; \u00e9 real.<\/p>\n\n\n\n<p>Nascemos para ser o seu filtro de precis\u00e3o. Unimos uma metodologia rigorosa de an\u00e1lise t\u00e9cnica com uma vis\u00e3o focada em efici\u00eancia e custo-benef\u00edcio. N\u00e3o apenas listamos produtos; n\u00f3s investigamos especifica\u00e7\u00f5es, comparamos desempenhos e entregamos o veredito para que voc\u00ea encontre exatamente o que o seu setup precisa.<\/p>\n\n\n\n<p><strong>Nossos Pilares:<\/strong><\/p>\n\n\n\n<ul class=\"wp-block-list\">\n<li><strong>Independ\u00eancia:<\/strong> Nossas recomenda\u00e7\u00f5es s\u00e3o baseadas em crit\u00e9rios t\u00e9cnicos e pesquisas de mercado.<\/li>\n\n\n\n<li><strong>Precis\u00e3o:<\/strong> Focamos no que realmente importa: durabilidade, performance e ergonomia.<\/li>\n\n\n\n<li><strong>Transpar\u00eancia:<\/strong> Somos claros sobre nossa rela\u00e7\u00e3o com parceiros e priorizamos sempre a confian\u00e7a do nosso leitor.<\/li>\n<\/ul>\n\n\n\n<p>Seja para produtividade ou para alto desempenho, no <strong>TecnoCerto<\/strong>, a meta \u00e9 uma s\u00f3: ajudar voc\u00ea a encontrar o certo.<\/p>\n","protected":false},"excerpt":{"rendered":"<p>No TecnoCerto, nossa miss\u00e3o \u00e9 simplificar a complexidade do mercado tecnol\u00f3gico para que voc\u00ea tome a decis\u00e3o de compra mais inteligente. Sabemos que, com a infinidade de perif\u00e9ricos e dispositivos lan\u00e7ados diariamente, o medo de &#8220;escolher errado&#8221; \u00e9 real. Nascemos para ser o seu filtro de precis\u00e3o. Unimos uma metodologia rigorosa de an\u00e1lise t\u00e9cnica com [&hellip;]<\/p>\n","protected":false},"author":1,"featured_media":0,"parent":0,"menu_order":0,"comment_status":"closed","ping_status":"closed","template":"elementor_header_footer","meta":{"_breakdance_hide_in_design_set":false,"_breakdance_tags":"","footnotes":""},"class_list":["post-5875","page","type-page","status-publish","hentry"],"_hostinger_reach_plugin_has_subscription_block":false,"_hostinger_reach_plugin_is_elementor":false,"_links":{"self":[{"href":"https:\/\/tecnocerto.com.br\/index.php?rest_route=\/wp\/v2\/pages\/5875","targetHints":{"allow":["GET"]}}],"collection":[{"href":"https:\/\/tecnocerto.com.br\/index.php?rest_route=\/wp\/v2\/pages"}],"about":[{"href":"https:\/\/tecnocerto.com.br\/index.php?rest_route=\/wp\/v2\/types\/page"}],"author":[{"embeddable":true,"href":"https:\/\/tecnocerto.com.br\/index.php?rest_route=\/wp\/v2\/users\/1"}],"replies":[{"embeddable":true,"href":"https:\/\/tecnocerto.com.br\/index.php?rest_route=%2Fwp%2Fv2%2Fcomments&post=5875"}],"version-history":[{"count":0,"href":"https:\/\/tecnocerto.com.br\/index.php?rest_route=\/wp\/v2\/pages\/5875\/revisions"}],"wp:attachment":[{"href":"https:\/\/tecnocerto.com.br\/index.php?rest_route=%2Fwp%2Fv2%2Fmedia&parent=5875"}],"curies":[{"name":"wp","href":"https:\/\/api.w.org\/{rel}","templated":true}]}}