{"id":5877,"date":"2026-02-16T02:13:58","date_gmt":"2026-02-16T02:13:58","guid":{"rendered":"https:\/\/tecnocerto.com.br\/?page_id=5877"},"modified":"2026-02-16T02:14:00","modified_gmt":"2026-02-16T02:14:00","slug":"politica-de-privacidade","status":"publish","type":"page","link":"https:\/\/tecnocerto.com.br\/?page_id=5877","title":{"rendered":"Pol\u00edtica de Privacidade"},"content":{"rendered":"\n<p>O <strong>TecnoCerto<\/strong> (<a target=\"_blank\" rel=\"noreferrer noopener\" href=\"https:\/\/tecnocerto.com.br\">https:\/\/tecnocerto.com.br<\/a>) valoriza a privacidade dos seus visitantes. Esta pol\u00edtica detalha como tratamos informa\u00e7\u00f5es de acordo com a <strong>Lei Geral de Prote\u00e7\u00e3o de Dados (LGPD)<\/strong>.<\/p>\n\n\n\n<p><strong>Coleta de Dados e Cookies:<\/strong> Utilizamos cookies para melhorar sua experi\u00eancia e para o funcionamento de programas de afiliados. Ao navegar no site, voc\u00ea concorda com o uso de cookies de parceiros como Google Analytics, Amazon e Mercado Livre, que rastreiam cliques para fins de atribui\u00e7\u00e3o de comiss\u00e3o, sem identificar dados sens\u00edveis do usu\u00e1rio.<\/p>\n\n\n\n<p><strong>Links de Terceiros:<\/strong> Nosso site cont\u00e9m links para lojas externas (Amazon, Mercado Livre, entre outras). N\u00e3o temos controle sobre as pol\u00edticas de privacidade dessas plataformas. Recomendamos que, ao ser redirecionado, voc\u00ea leia as pol\u00edticas de cada loja.<\/p>\n\n\n\n<p><strong>Seguran\u00e7a:<\/strong> Implementamos medidas t\u00e9cnicas de seguran\u00e7a para proteger qualquer informa\u00e7\u00e3o coletada atrav\u00e9s de formul\u00e1rios de contato, garantindo que n\u00e3o sejam compartilhadas com terceiros sem consentimento pr\u00e9vio.<\/p>\n\n\n\n<p><\/p>\n","protected":false},"excerpt":{"rendered":"<p>O TecnoCerto (https:\/\/tecnocerto.com.br) valoriza a privacidade dos seus visitantes. Esta pol\u00edtica detalha como tratamos informa\u00e7\u00f5es de acordo com a Lei Geral de Prote\u00e7\u00e3o de Dados (LGPD). Coleta de Dados e Cookies: Utilizamos cookies para melhorar sua experi\u00eancia e para o funcionamento de programas de afiliados. Ao navegar no site, voc\u00ea concorda com o uso de [&hellip;]<\/p>\n","protected":false},"author":1,"featured_media":0,"parent":0,"menu_order":0,"comment_status":"closed","ping_status":"closed","template":"","meta":{"_breakdance_hide_in_design_set":false,"_breakdance_tags":"","footnotes":""},"class_list":["post-5877","page","type-page","status-publish","hentry"],"_hostinger_reach_plugin_has_subscription_block":false,"_hostinger_reach_plugin_is_elementor":false,"_links":{"self":[{"href":"https:\/\/tecnocerto.com.br\/index.php?rest_route=\/wp\/v2\/pages\/5877","targetHints":{"allow":["GET"]}}],"collection":[{"href":"https:\/\/tecnocerto.com.br\/index.php?rest_route=\/wp\/v2\/pages"}],"about":[{"href":"https:\/\/tecnocerto.com.br\/index.php?rest_route=\/wp\/v2\/types\/page"}],"author":[{"embeddable":true,"href":"https:\/\/tecnocerto.com.br\/index.php?rest_route=\/wp\/v2\/users\/1"}],"replies":[{"embeddable":true,"href":"https:\/\/tecnocerto.com.br\/index.php?rest_route=%2Fwp%2Fv2%2Fcomments&post=5877"}],"version-history":[{"count":0,"href":"https:\/\/tecnocerto.com.br\/index.php?rest_route=\/wp\/v2\/pages\/5877\/revisions"}],"wp:attachment":[{"href":"https:\/\/tecnocerto.com.br\/index.php?rest_route=%2Fwp%2Fv2%2Fmedia&parent=5877"}],"curies":[{"name":"wp","href":"https:\/\/api.w.org\/{rel}","templated":true}]}}