{"id":5881,"date":"2026-02-16T02:16:20","date_gmt":"2026-02-16T02:16:20","guid":{"rendered":"https:\/\/tecnocerto.com.br\/?page_id=5881"},"modified":"2026-02-16T02:16:22","modified_gmt":"2026-02-16T02:16:22","slug":"transparencia-e-isencao-de-responsabilidade","status":"publish","type":"page","link":"https:\/\/tecnocerto.com.br\/?page_id=5881","title":{"rendered":"Transpar\u00eancia e Isen\u00e7\u00e3o de Responsabilidade"},"content":{"rendered":"\n<p>No <strong>TecnoCerto<\/strong>, a confian\u00e7a \u00e9 nossa moeda de troca. Para manter este projeto gratuito e independente, participamos de programas de marketing de afiliados.<\/p>\n\n\n\n<p><strong>Como funciona:<\/strong> Ao clicar em alguns links de produtos em nosso site e finalizar uma compra, podemos receber uma pequena comiss\u00e3o. <strong>Isso n\u00e3o altera o pre\u00e7o que voc\u00ea paga.<\/strong> Pelo contr\u00e1rio, muitas vezes buscamos cupons e ofertas exclusivas para reduzir o seu custo.<\/p>\n\n\n\n<p><strong>Declara\u00e7\u00e3o de Afiliado (Exig\u00eancia Legal):<\/strong> &#8220;Como Associado Amazon e parceiro do Mercado Livre, o TecnoCerto recebe comiss\u00e3o por compras qualificadas.&#8221;<\/p>\n\n\n\n<p><strong>Limita\u00e7\u00e3o de Responsabilidade:<\/strong> N\u00e3o somos os vendedores diretos dos produtos. Eventuais problemas com entrega, garantia ou defeitos de fabrica\u00e7\u00e3o devem ser tratados diretamente com o suporte da loja onde a compra foi efetuada. Fazemos a curadoria para indicar os melhores vendedores, mas a responsabilidade final da venda \u00e9 do lojista.<\/p>\n\n\n\n<p><\/p>\n","protected":false},"excerpt":{"rendered":"<p>No TecnoCerto, a confian\u00e7a \u00e9 nossa moeda de troca. Para manter este projeto gratuito e independente, participamos de programas de marketing de afiliados. Como funciona: Ao clicar em alguns links de produtos em nosso site e finalizar uma compra, podemos receber uma pequena comiss\u00e3o. Isso n\u00e3o altera o pre\u00e7o que voc\u00ea paga. Pelo contr\u00e1rio, muitas [&hellip;]<\/p>\n","protected":false},"author":1,"featured_media":0,"parent":0,"menu_order":0,"comment_status":"closed","ping_status":"closed","template":"","meta":{"_breakdance_hide_in_design_set":false,"_breakdance_tags":"","footnotes":""},"class_list":["post-5881","page","type-page","status-publish","hentry"],"_hostinger_reach_plugin_has_subscription_block":false,"_hostinger_reach_plugin_is_elementor":false,"_links":{"self":[{"href":"https:\/\/tecnocerto.com.br\/index.php?rest_route=\/wp\/v2\/pages\/5881","targetHints":{"allow":["GET"]}}],"collection":[{"href":"https:\/\/tecnocerto.com.br\/index.php?rest_route=\/wp\/v2\/pages"}],"about":[{"href":"https:\/\/tecnocerto.com.br\/index.php?rest_route=\/wp\/v2\/types\/page"}],"author":[{"embeddable":true,"href":"https:\/\/tecnocerto.com.br\/index.php?rest_route=\/wp\/v2\/users\/1"}],"replies":[{"embeddable":true,"href":"https:\/\/tecnocerto.com.br\/index.php?rest_route=%2Fwp%2Fv2%2Fcomments&post=5881"}],"version-history":[{"count":0,"href":"https:\/\/tecnocerto.com.br\/index.php?rest_route=\/wp\/v2\/pages\/5881\/revisions"}],"wp:attachment":[{"href":"https:\/\/tecnocerto.com.br\/index.php?rest_route=%2Fwp%2Fv2%2Fmedia&parent=5881"}],"curies":[{"name":"wp","href":"https:\/\/api.w.org\/{rel}","templated":true}]}}