{"id":5902,"date":"2026-02-17T15:58:54","date_gmt":"2026-02-17T15:58:54","guid":{"rendered":"https:\/\/tecnocerto.com.br\/ultimas-postagens\/"},"modified":"2026-02-17T15:59:04","modified_gmt":"2026-02-17T15:59:04","slug":"ultimas-postagens","status":"publish","type":"page","link":"https:\/\/tecnocerto.com.br\/?page_id=5902","title":{"rendered":"\u00daltimas Postagens"},"content":{"rendered":"<h2>Postagens Recentes em Tecnologia<\/h2>\n<p>Descubra as \u00faltimas novidades do mundo da tecnologia. Aqui, voc\u00ea encontrar\u00e1 an\u00e1lises, not\u00edcias e dicas sobre os gadgets e produtos mais relevantes do momento. Fique por dentro de tudo que h\u00e1 de novo!<\/p>\n<h2>Destaques em Tecnologia<\/h2>\n<p>Aqui est\u00e3o as principais postagens que fizeram sucesso entre nossos leitores. Veja resumos e imagens para ficar atualizado sobre tudo que rola no mundo da tecnologia.<\/p>\n<h2>O Que Est\u00e1 Bombando?<\/h2>\n<p>Explore as novidades mais comentadas da semana. Nossos artigos trazem an\u00e1lises e novidades sobre gadgets, softwares e tudo que voc\u00ea precisa saber.<\/p>\n<h2>N\u00e3o Fique de Fora!<\/h2>\n<p>Participe das discuss\u00f5es e fique por dentro das tend\u00eancias. Navegue pelos nossos conte\u00fados e compartilhe suas opini\u00f5es com amigos!<\/p>\n<h2>Inscreva-se para atualiza\u00e7\u00f5es<\/h2>\n<p>Fique por dentro das novidades do mundo da tecnologia. Receba dicas, an\u00e1lises e muito mais direto em seu e-mail!<\/p>\n<p>Ao se inscrever, voc\u00ea concorda com nossos Termos e Condi\u00e7\u00f5es.<\/p>\n<h3>Depoimentos<\/h3>\n<h2>O que nossos leitores dizem<\/h2>\n<p>\t\t\t\t\t\t&#8220;Esse site foi uma descoberta incr\u00edvel! As dicas que encontrei aqui realmente melhoraram a minha experi\u00eancia com tecnologia e gadgets. Recomendo a todos!&#8221;<br \/>\n\t\t\t\t\t<cite>Jo\u00e3o SilvaEntusiasta em Tecnologia<\/cite><br \/>\n\t\t\t\t\t\t<img decoding=\"async\" src=\"https:\/\/tecnocerto.com.br\/wp-content\/uploads\/2026\/02\/wireframe-img-1-e1708013680578.png\" alt=\"Jo\u00e3o Silva\"><br \/>\n\t\t\t\t\t\t&#8220;Adorei o conte\u00fado do blog! As an\u00e1lises s\u00e3o justas e muito informativas. Sinto que posso confiar nas minhas compras depois de ler aqui.&#8221;<br \/>\n\t\t\t\t\t<cite>Maria OliveiraAnalista de Sistemas<\/cite><br \/>\n\t\t\t\t\t\t<img decoding=\"async\" src=\"https:\/\/tecnocerto.com.br\/wp-content\/uploads\/2026\/02\/wireframe-img-1-e1708013680578.png\" alt=\"Maria Oliveira\"><br \/>\n\t\t\t\t\t\t&#8220;Muito bom encontrar um lugar com an\u00e1lises sinceras. Esse blog realmente me ajudou a escolher os melhores produtos para mim!&#8221;<br \/>\n\t\t\t\t\t<cite>Carlos SantosProgramador<\/cite><br \/>\n\t\t\t\t\t\t<img decoding=\"async\" src=\"https:\/\/tecnocerto.com.br\/wp-content\/uploads\/2026\/02\/wireframe-img-1-e1708013680578.png\" alt=\"Carlos Santos\"><\/p>\n<h2>Perguntas Frequentes<\/h2>\n<h5>Esclare\u00e7a suas d\u00favidas comuns aqui.<\/h5>\n<p>\t\t<iframe title=\"Video Placeholder\" width=\"500\" height=\"281\" src=\"https:\/\/www.youtube.com\/embed\/XHOmBV4js_E?feature=oembed\" frameborder=\"0\" allow=\"accelerometer; autoplay; clipboard-write; encrypted-media; gyroscope; picture-in-picture; web-share\" referrerpolicy=\"strict-origin-when-cross-origin\" allowfullscreen><\/iframe><br \/>\n\t\t\t\t\t\t\t\t\t\t\t\t\t\t\t<svg viewBox=\"0 0 192 512\" xmlns=\"http:\/\/www.w3.org\/2000\/svg\"><path d=\"M0 384.662V127.338c0-17.818 21.543-26.741 34.142-14.142l128.662 128.662c7.81 7.81 7.81 20.474 0 28.284L34.142 398.804C21.543 411.404 0 402.48 0 384.662z\"><\/path><\/svg><br \/>\n\t\t\t\t\t\t\t\t<svg viewBox=\"0 0 320 512\" xmlns=\"http:\/\/www.w3.org\/2000\/svg\"><path d=\"M288.662 352H31.338c-17.818 0-26.741-21.543-14.142-34.142l128.662-128.662c7.81-7.81 20.474-7.81 28.284 0l128.662 128.662c12.6 12.599 3.676 34.142-14.142 34.142z\"><\/path><\/svg><br \/>\n\t\t\t\t\t\t\t\t\t\t\t\t<a tabindex=\"0\">Qual \u00e9 o seu principal servi\u00e7o?<\/a><\/p>\n<p>N\u00f3s oferecemos uma variedade de servi\u00e7os em tecnologia, incluindo consultoria, suporte t\u00e9cnico e desenvolvimento de solu\u00e7\u00f5es personalizadas. Se precisar de mais informa\u00e7\u00f5es, estamos \u00e0 disposi\u00e7\u00e3o para te ajudar!<\/p>\n<p>\t\t\t\t\t\t\t\t\t\t\t\t\t\t\t<svg viewBox=\"0 0 192 512\" xmlns=\"http:\/\/www.w3.org\/2000\/svg\"><path d=\"M0 384.662V127.338c0-17.818 21.543-26.741 34.142-14.142l128.662 128.662c7.81 7.81 7.81 20.474 0 28.284L34.142 398.804C21.543 411.404 0 402.48 0 384.662z\"><\/path><\/svg><br \/>\n\t\t\t\t\t\t\t\t<svg viewBox=\"0 0 320 512\" xmlns=\"http:\/\/www.w3.org\/2000\/svg\"><path d=\"M288.662 352H31.338c-17.818 0-26.741-21.543-14.142-34.142l128.662-128.662c7.81-7.81 20.474-7.81 28.284 0l128.662 128.662c12.6 12.599 3.676 34.142-14.142 34.142z\"><\/path><\/svg><br \/>\n\t\t\t\t\t\t\t\t\t\t\t\t<a tabindex=\"0\">Como posso solicitar suporte?<\/a><\/p>\n<p>Voc\u00ea pode solicitar nosso suporte enviando um e-mail para contato@seudominio.com ou preenchendo nosso formul\u00e1rio de contato no site. Nossa equipe responder\u00e1 rapidamente!<\/p>\n<p>\t\t\t\t\t\t\t\t\t\t\t\t\t\t\t<svg viewBox=\"0 0 192 512\" xmlns=\"http:\/\/www.w3.org\/2000\/svg\"><path d=\"M0 384.662V127.338c0-17.818 21.543-26.741 34.142-14.142l128.662 128.662c7.81 7.81 7.81 20.474 0 28.284L34.142 398.804C21.543 411.404 0 402.48 0 384.662z\"><\/path><\/svg><br \/>\n\t\t\t\t\t\t\t\t<svg viewBox=\"0 0 320 512\" xmlns=\"http:\/\/www.w3.org\/2000\/svg\"><path d=\"M288.662 352H31.338c-17.818 0-26.741-21.543-14.142-34.142l128.662-128.662c7.81-7.81 20.474-7.81 28.284 0l128.662 128.662c12.6 12.599 3.676 34.142-14.142 34.142z\"><\/path><\/svg><br \/>\n\t\t\t\t\t\t\t\t\t\t\t\t<a tabindex=\"0\">Voc\u00eas oferecem garantia nos servi\u00e7os?<\/a><\/p>\n<p>Sim, todos os nossos servi\u00e7os incluem garantia. Queremos que voc\u00ea se sinta seguro ao escolher nossas solu\u00e7\u00f5es.<\/p>\n<p>\t\t\t\t\t\t\t\t\t\t\t\t\t\t\t<svg viewBox=\"0 0 192 512\" xmlns=\"http:\/\/www.w3.org\/2000\/svg\"><path d=\"M0 384.662V127.338c0-17.818 21.543-26.741 34.142-14.142l128.662 128.662c7.81 7.81 7.81 20.474 0 28.284L34.142 398.804C21.543 411.404 0 402.48 0 384.662z\"><\/path><\/svg><br \/>\n\t\t\t\t\t\t\t\t<svg viewBox=\"0 0 320 512\" xmlns=\"http:\/\/www.w3.org\/2000\/svg\"><path d=\"M288.662 352H31.338c-17.818 0-26.741-21.543-14.142-34.142l128.662-128.662c7.81-7.81 20.474-7.81 28.284 0l128.662 128.662c12.6 12.599 3.676 34.142-14.142 34.142z\"><\/path><\/svg><br \/>\n\t\t\t\t\t\t\t\t\t\t\t\t<a tabindex=\"0\">Como s\u00e3o atualizadas as informa\u00e7\u00f5es?<\/a><\/p>\n<p>N\u00f3s atualizamos nossas informa\u00e7\u00f5es regularmente, garantindo que voc\u00ea tenha acesso aos \u00faltimos conte\u00fados e novidades do setor de tecnologia.<\/p>\n<p>\t\t\t\t\t\t\t\t\t\t\t\t\t\t\t<svg viewBox=\"0 0 192 512\" xmlns=\"http:\/\/www.w3.org\/2000\/svg\"><path d=\"M0 384.662V127.338c0-17.818 21.543-26.741 34.142-14.142l128.662 128.662c7.81 7.81 7.81 20.474 0 28.284L34.142 398.804C21.543 411.404 0 402.48 0 384.662z\"><\/path><\/svg><br \/>\n\t\t\t\t\t\t\t\t<svg viewBox=\"0 0 320 512\" xmlns=\"http:\/\/www.w3.org\/2000\/svg\"><path d=\"M288.662 352H31.338c-17.818 0-26.741-21.543-14.142-34.142l128.662-128.662c7.81-7.81 20.474-7.81 28.284 0l128.662 128.662c12.6 12.599 3.676 34.142-14.142 34.142z\"><\/path><\/svg><br \/>\n\t\t\t\t\t\t\t\t\t\t\t\t<a tabindex=\"0\">Qual o foco do blog?<\/a><\/p>\n<p>O blog \u00e9 dedicado a compartilhar dicas, reviews, e insights sobre as \u00faltimas novidades e tend\u00eancias em tecnologia. Venha aprender e se atualizar com a gente!<\/p>\n","protected":false},"excerpt":{"rendered":"<p>Postagens Recentes em Tecnologia Descubra as \u00faltimas novidades do mundo da tecnologia. Aqui, voc\u00ea encontrar\u00e1 an\u00e1lises, not\u00edcias e dicas sobre os gadgets e produtos mais relevantes do momento. Fique por dentro de tudo que h\u00e1 de novo! Destaques em Tecnologia Aqui est\u00e3o as principais postagens que fizeram sucesso entre nossos leitores. Veja resumos e imagens [&hellip;]<\/p>\n","protected":false},"author":1,"featured_media":0,"parent":0,"menu_order":0,"comment_status":"closed","ping_status":"closed","template":"","meta":{"_breakdance_hide_in_design_set":false,"_breakdance_tags":"","footnotes":""},"class_list":["post-5902","page","type-page","status-publish","hentry"],"_hostinger_reach_plugin_has_subscription_block":false,"_hostinger_reach_plugin_is_elementor":false,"_links":{"self":[{"href":"https:\/\/tecnocerto.com.br\/index.php?rest_route=\/wp\/v2\/pages\/5902","targetHints":{"allow":["GET"]}}],"collection":[{"href":"https:\/\/tecnocerto.com.br\/index.php?rest_route=\/wp\/v2\/pages"}],"about":[{"href":"https:\/\/tecnocerto.com.br\/index.php?rest_route=\/wp\/v2\/types\/page"}],"author":[{"embeddable":true,"href":"https:\/\/tecnocerto.com.br\/index.php?rest_route=\/wp\/v2\/users\/1"}],"replies":[{"embeddable":true,"href":"https:\/\/tecnocerto.com.br\/index.php?rest_route=%2Fwp%2Fv2%2Fcomments&post=5902"}],"version-history":[{"count":0,"href":"https:\/\/tecnocerto.com.br\/index.php?rest_route=\/wp\/v2\/pages\/5902\/revisions"}],"wp:attachment":[{"href":"https:\/\/tecnocerto.com.br\/index.php?rest_route=%2Fwp%2Fv2%2Fmedia&parent=5902"}],"curies":[{"name":"wp","href":"https:\/\/api.w.org\/{rel}","templated":true}]}}