{"id":5905,"date":"2026-02-17T15:58:55","date_gmt":"2026-02-17T15:58:55","guid":{"rendered":"https:\/\/tecnocerto.com.br\/ofertas\/"},"modified":"2026-02-17T15:59:28","modified_gmt":"2026-02-17T15:59:28","slug":"ofertas","status":"publish","type":"page","link":"https:\/\/tecnocerto.com.br\/?page_id=5905","title":{"rendered":"Ofertas"},"content":{"rendered":"<h2>Descubra Nossas Ofertas<\/h2>\n<p>Conhe\u00e7a as melhores oportunidades do momento em tecnologia. N\u00e3o perca a chance de ficar por dentro das novidades e ofertas imperd\u00edveis!<\/p>\n<h2>Ofertas Imperd\u00edveis<\/h2>\n<h5>Descubra produtos incr\u00edveis com descontos especiais e fa\u00e7a boas escolhas.<\/h5>\n<p>\t\t\t\t\t\t\t\t\t\t\t\t\t\t\t<img decoding=\"async\" width=\"525\" height=\"525\" src=\"https:\/\/tecnocerto.com.br\/wp-content\/uploads\/2026\/02\/wireframe-img-1-e1708013680578-1024x1024.webp\" alt=\"\" srcset=\"https:\/\/tecnocerto.com.br\/wp-content\/uploads\/2026\/02\/wireframe-img-1-e1708013680578-1024x1024.webp 1024w, https:\/\/tecnocerto.com.br\/wp-content\/uploads\/2026\/02\/wireframe-img-1-e1708013680578-300x300.webp 300w, https:\/\/tecnocerto.com.br\/wp-content\/uploads\/2026\/02\/wireframe-img-1-e1708013680578-150x150.webp 150w, https:\/\/tecnocerto.com.br\/wp-content\/uploads\/2026\/02\/wireframe-img-1-e1708013680578-768x767.webp 768w, https:\/\/tecnocerto.com.br\/wp-content\/uploads\/2026\/02\/wireframe-img-1-e1708013680578-100x100.webp 100w, https:\/\/tecnocerto.com.br\/wp-content\/uploads\/2026\/02\/wireframe-img-1-e1708013680578-600x599.webp 600w, https:\/\/tecnocerto.com.br\/wp-content\/uploads\/2026\/02\/wireframe-img-1-e1708013680578.png 1081w\" sizes=\"(max-width: 525px) 100vw, 525px\" \/>\t\t\t\t\t\t\t\t\t\t\t\t\t\t\t<\/p>\n<h2>Produto A<\/h2>\n<h2>22$<\/h2>\n<p>\t\t\t\t\t\t<button role=\"button\" type=\"submit\"><\/p>\n<p>\t\t\t\t\t\t\t\t\tAdicionar ao Carrinho<br \/>\n\t\t\t\t<\/button><br \/>\n\t\t\t\t\tNenhuma forma de pagamento conectada. Entre em contato com o vendedor.\t\t\t\t<\/p>\n<p>\t\t\t\t\t\t\t\t\t\t\t\t\t\t\t<img decoding=\"async\" width=\"525\" height=\"525\" src=\"https:\/\/tecnocerto.com.br\/wp-content\/uploads\/2026\/02\/wireframe-img-1-e1708013680578-1024x1024.webp\" alt=\"\" srcset=\"https:\/\/tecnocerto.com.br\/wp-content\/uploads\/2026\/02\/wireframe-img-1-e1708013680578-1024x1024.webp 1024w, https:\/\/tecnocerto.com.br\/wp-content\/uploads\/2026\/02\/wireframe-img-1-e1708013680578-300x300.webp 300w, https:\/\/tecnocerto.com.br\/wp-content\/uploads\/2026\/02\/wireframe-img-1-e1708013680578-150x150.webp 150w, https:\/\/tecnocerto.com.br\/wp-content\/uploads\/2026\/02\/wireframe-img-1-e1708013680578-768x767.webp 768w, https:\/\/tecnocerto.com.br\/wp-content\/uploads\/2026\/02\/wireframe-img-1-e1708013680578-100x100.webp 100w, https:\/\/tecnocerto.com.br\/wp-content\/uploads\/2026\/02\/wireframe-img-1-e1708013680578-600x599.webp 600w, https:\/\/tecnocerto.com.br\/wp-content\/uploads\/2026\/02\/wireframe-img-1-e1708013680578.png 1081w\" sizes=\"(max-width: 525px) 100vw, 525px\" \/>\t\t\t\t\t\t\t\t\t\t\t\t\t\t\t<\/p>\n<h2>Produto B<\/h2>\n<h2>22$<\/h2>\n<p>\t\t\t\t\t\t<button role=\"button\" type=\"submit\"><\/p>\n<p>\t\t\t\t\t\t\t\t\tAdicionar ao Carrinho<br \/>\n\t\t\t\t<\/button><br \/>\n\t\t\t\t\tNenhuma forma de pagamento conectada. Entre em contato com o vendedor.\t\t\t\t<\/p>\n<p>\t\t\t\t\t\t\t\t\t\t\t\t\t\t\t<img decoding=\"async\" width=\"525\" height=\"525\" src=\"https:\/\/tecnocerto.com.br\/wp-content\/uploads\/2026\/02\/wireframe-img-1-e1708013680578-1024x1024.webp\" alt=\"\" srcset=\"https:\/\/tecnocerto.com.br\/wp-content\/uploads\/2026\/02\/wireframe-img-1-e1708013680578-1024x1024.webp 1024w, https:\/\/tecnocerto.com.br\/wp-content\/uploads\/2026\/02\/wireframe-img-1-e1708013680578-300x300.webp 300w, https:\/\/tecnocerto.com.br\/wp-content\/uploads\/2026\/02\/wireframe-img-1-e1708013680578-150x150.webp 150w, https:\/\/tecnocerto.com.br\/wp-content\/uploads\/2026\/02\/wireframe-img-1-e1708013680578-768x767.webp 768w, https:\/\/tecnocerto.com.br\/wp-content\/uploads\/2026\/02\/wireframe-img-1-e1708013680578-100x100.webp 100w, https:\/\/tecnocerto.com.br\/wp-content\/uploads\/2026\/02\/wireframe-img-1-e1708013680578-600x599.webp 600w, https:\/\/tecnocerto.com.br\/wp-content\/uploads\/2026\/02\/wireframe-img-1-e1708013680578.png 1081w\" sizes=\"(max-width: 525px) 100vw, 525px\" \/>\t\t\t\t\t\t\t\t\t\t\t\t\t\t\t<\/p>\n<h2>Produto C<\/h2>\n<h2>22$<\/h2>\n<p>\t\t\t\t\t\t<button role=\"button\" type=\"submit\"><\/p>\n<p>\t\t\t\t\t\t\t\t\tAdicionar ao Carrinho<br \/>\n\t\t\t\t<\/button><br \/>\n\t\t\t\t\tNenhuma forma de pagamento conectada. Entre em contato com o vendedor.\t\t\t\t<\/p>\n<h2>\n\t\t\t\t\t\tFique por dentro das novidades em tecnologia!\t\t\t\t\t<\/h2>\n<p>\t\t\t\t\t\tInscreva-se e receba atualiza\u00e7\u00f5es sobre gadgets, dicas e an\u00e1lises de produtos. N\u00f3s trazemos as tend\u00eancias mais quentes do mundo da tecnologia para voc\u00ea, de forma direta e f\u00e1cil.<br \/>\n\t\t\t\t\t<a><br \/>\n\t\t\t\t\t\tQuero me inscrever!\t\t\t\t\t<\/a><\/p>\n<h5>O que nossos clientes dizem<\/h5>\n<h2>Aqui est\u00e3o algumas opini\u00f5es de nossos clientes<\/h2>\n<p>\t\t\t\t<i aria-hidden=\"true\">&#xE934;<\/i><i aria-hidden=\"true\">&#xE934;<\/i><i aria-hidden=\"true\">&#xE934;<\/i><i aria-hidden=\"true\">&#xE934;<\/i><i aria-hidden=\"true\">&#xE934;<\/i>\t\t\t\tClassificado como 5 de 5<br \/>\n\t\t\t\t\t\t\tOs servi\u00e7os me surpreenderam! Fui atendido com aten\u00e7\u00e3o e efici\u00eancia, tudo funcionou perfeitamente. Super recomendo para quem busca qualidade.<br \/>\n\t\t\t\t\t\t\t\t\t\t\t\t\t\tMariana Silva<br \/>\n\t\t\t\t\t\t\t\t\t\t\t\t\t\t\t\t\t\t\t\t\t\tDesigner<\/p>\n<h2>Perguntas Frequentes<\/h2>\n<h5>Esclare\u00e7a suas d\u00favidas sobre nossos servi\u00e7os.<\/h5>\n<p>\t\t\t\t\t\t\t\t\t\t\t\t<a>Quais servi\u00e7os voc\u00eas oferecem?<\/a><\/p>\n<p>Oferecemos uma variedade de servi\u00e7os em tecnologia, incluindo desenvolvimento de softwares personalizados, consultoria em TI, suporte t\u00e9cnico e manuten\u00e7\u00e3o de sistemas. Estamos aqui para ajudar sua empresa a tirar o m\u00e1ximo proveito da tecnologia dispon\u00edvel!<\/p>\n<p>\t\t\t\t\t\t\t\t\t\t\t\t<a>Como posso entrar em contato?<\/a><\/p>\n<p>Voc\u00ea pode nos contatar atrav\u00e9s do nosso e-mail ou pelo formul\u00e1rio de contato no site. Tamb\u00e9m estamos dispon\u00edveis nas redes sociais, prontos para responder a sua mensagem de forma r\u00e1pida e eficiente!<\/p>\n<p>\t\t\t\t\t\t\t\t\t\t\t\t<a>Voc\u00eas oferecem suporte t\u00e9cnico?<\/a><\/p>\n<p>Sim, nosso suporte t\u00e9cnico est\u00e1 dispon\u00edvel para atender suas necessidades. Oferecemos ajuda para solucionar problemas, configurar sistemas e garantir que tudo funcione da melhor forma poss\u00edvel!<\/p>\n<p>\t\t\t\t\t\t\t\t\t\t\t\t<a>Quais s\u00e3o os pre\u00e7os dos servi\u00e7os?<\/a><\/p>\n<p>Nossos pre\u00e7os variam de acordo com o tipo de servi\u00e7o prestado e suas necessidades espec\u00edficas. Oferecemos or\u00e7amentos personalizados para garantir que voc\u00ea encontre a melhor solu\u00e7\u00e3o dentro do seu budget.<\/p>\n<p>\t\t\t\t\t\t\t\t\t\t\t\t<a>H\u00e1 garantias nos servi\u00e7os?<\/a><\/p>\n<p>Sim, todos os nossos servi\u00e7os v\u00eam com garantias de qualidade. Queremos que voc\u00ea se sinta confiante e satisfeito com o trabalho realizado por nossa equipe.<\/p>\n<p>\t\t\t\t\t\t\t\t\t\t\t\t<a>Como funciona a consultoria?<\/a><\/p>\n<p>Nossa consultoria \u00e9 baseada em uma an\u00e1lise profunda das suas necessidades. Avaliamos seu ambiente tecnol\u00f3gico e oferecemos solu\u00e7\u00f5es pr\u00e1ticas para otimizar seus processos e melhorar os resultados.<\/p>\n<p>\t\t\t\t\t\t\t\t\t\t\t\t<a>O que s\u00e3o reviews de produtos?<\/a><\/p>\n<p>Reviews de produtos s\u00e3o an\u00e1lises detalhadas que fazemos sobre novas tecnologias e gadgets. Nossa equipe testa e avalia para oferecer a voc\u00ea uma vis\u00e3o clara do que vale a pena investir.<\/p>\n<p>\t\t\t\t\t\t\t\t\t\t\t\t<a>Como fa\u00e7o para deixar um coment\u00e1rio?<\/a><\/p>\n<p>Voc\u00ea pode deixar coment\u00e1rios nas avalia\u00e7\u00f5es que publicamos ou entrar em contato direto pelo nosso formul\u00e1rio. Adoramos ouvir a sua opini\u00e3o e sugest\u00f5es!<\/p>\n<p>\t\t\t\t\t\t\t\t\t\t\t\t<a>Voc\u00eas trabalham com parcerias?<\/a><\/p>\n<p>Sim, estamos sempre abertos para parcerias que possam agregar valor aos nossos servi\u00e7os e ao conte\u00fado que oferecemos. Entre em contato para discutir uma poss\u00edvel colabora\u00e7\u00e3o!<\/p>\n<p>\t\t\t\t\t\t\t\t\t\t\t\t<a>Qual a frequ\u00eancia das atualiza\u00e7\u00f5es?<\/a><\/p>\n<p>Trabalhamos para trazer atualiza\u00e7\u00f5es frequentes, dependendo da novidade do setor. Nossa finalidade \u00e9 que voc\u00ea esteja sempre bem informado sobre as \u00faltimas tend\u00eancias em tecnologia.<\/p>\n<p>\t\t\t\t\t\t\t\t\t\t\t\t<a>Voc\u00eas t\u00eam um blog?<\/a><\/p>\n<p>Sim, temos um blog repleto de artigos sobre tecnologia, gadgets, e dicas \u00fateis! Visite-nos para descobrir conte\u00fados feitos com muito carinho para voc\u00ea.<\/p>\n<p>\t\t\t\t\t\t\t\t\t\t\t\t<a>Como funcionam as compara\u00e7\u00f5es?<\/a><\/p>\n<p>Nossas compara\u00e7\u00f5es s\u00e3o feitas para facilitar sua escolha. Analisamos diferentes produtos e mostramos os pr\u00f3s e contras para que voc\u00ea possa tomar a melhor decis\u00e3o.<\/p>\n<h4>\n\t\t\t\t\t\t\tSeguran\u00e7a garantida<br \/>\n\t\t\t\t\t<\/h4>\n<h4>\n\t\t\t\t\t\t\tPagamentos protegidos<br \/>\n\t\t\t\t\t<\/h4>\n<h4>\n\t\t\t\t\t\t\tAtendimento confi\u00e1vel<br \/>\n\t\t\t\t\t<\/h4>\n","protected":false},"excerpt":{"rendered":"<p>Descubra Nossas Ofertas Conhe\u00e7a as melhores oportunidades do momento em tecnologia. N\u00e3o perca a chance de ficar por dentro das novidades e ofertas imperd\u00edveis! Ofertas Imperd\u00edveis Descubra produtos incr\u00edveis com descontos especiais e fa\u00e7a boas escolhas. Produto A 22$ Adicionar ao Carrinho Nenhuma forma de pagamento conectada. Entre em contato com o vendedor. Produto B [&hellip;]<\/p>\n","protected":false},"author":1,"featured_media":0,"parent":0,"menu_order":0,"comment_status":"closed","ping_status":"closed","template":"","meta":{"_breakdance_hide_in_design_set":false,"_breakdance_tags":"","footnotes":""},"class_list":["post-5905","page","type-page","status-publish","hentry"],"_hostinger_reach_plugin_has_subscription_block":false,"_hostinger_reach_plugin_is_elementor":false,"_links":{"self":[{"href":"https:\/\/tecnocerto.com.br\/index.php?rest_route=\/wp\/v2\/pages\/5905","targetHints":{"allow":["GET"]}}],"collection":[{"href":"https:\/\/tecnocerto.com.br\/index.php?rest_route=\/wp\/v2\/pages"}],"about":[{"href":"https:\/\/tecnocerto.com.br\/index.php?rest_route=\/wp\/v2\/types\/page"}],"author":[{"embeddable":true,"href":"https:\/\/tecnocerto.com.br\/index.php?rest_route=\/wp\/v2\/users\/1"}],"replies":[{"embeddable":true,"href":"https:\/\/tecnocerto.com.br\/index.php?rest_route=%2Fwp%2Fv2%2Fcomments&post=5905"}],"version-history":[{"count":0,"href":"https:\/\/tecnocerto.com.br\/index.php?rest_route=\/wp\/v2\/pages\/5905\/revisions"}],"wp:attachment":[{"href":"https:\/\/tecnocerto.com.br\/index.php?rest_route=%2Fwp%2Fv2%2Fmedia&parent=5905"}],"curies":[{"name":"wp","href":"https:\/\/api.w.org\/{rel}","templated":true}]}}